{"id":1397,"date":"2023-11-17T19:04:18","date_gmt":"2023-11-17T19:04:18","guid":{"rendered":"https:\/\/acsi.com.br\/lojavirtual\/?post_type=product&#038;p=1397"},"modified":"2026-04-16T20:58:10","modified_gmt":"2026-04-16T23:58:10","slug":"tonico-o-pobre-menino-rico","status":"publish","type":"product","link":"https:\/\/acsi.com.br\/lojavirtual\/produto\/tonico-o-pobre-menino-rico\/","title":{"rendered":"Tonico o pobre menino rico"},"content":{"rendered":"<p>Era uma vez um menino ego\u00edsta, atrevido e mimado, chamado Tonico. Que vivia fazendo pirra\u00e7a. Que tinha tudo, tudinho o que quisesse. Que n\u00e3o dividia nada, nadinha com ningu\u00e9m. N\u00e3o satisfeito com tanta coisa, um dia o menino resolveu ir al\u00e9m&#8230; &#8220;que tal ser o rei do mundo, com um trono no alto de uma montanha impressionante?&#8221; empolgado, o reizinho Tonico ergueu a montanha, e nela subiu&#8230; e o que ser\u00e1 que ele viu?<\/p>\n","protected":false},"excerpt":{"rendered":"<p>Era uma vez um menino ego\u00edsta, atrevido e mimado, chamado Tonico. Que vivia fazendo pirra\u00e7a. Que tinha tudo, tudinho o que quisesse. Que n\u00e3o dividia nada, nadinha com ningu\u00e9m. N\u00e3o satisfeito com tanta coisa, um dia o menino resolveu ir al\u00e9m&#8230; &#8220;que tal ser o rei do mundo, com um trono no alto de uma montanha impressionante?&#8221; empolgado, o reizinho Tonico ergueu a montanha, e nela subiu&#8230; e o que ser\u00e1 que ele viu?<\/p>\n","protected":false},"featured_media":1398,"comment_status":"closed","ping_status":"closed","template":"","meta":[],"product_brand":[],"product_cat":[180],"product_tag":[177],"class_list":{"0":"post-1397","1":"product","2":"type-product","3":"status-publish","4":"has-post-thumbnail","6":"product_cat-educacao-criativa","7":"product_tag-1o-ao-3o-ano","9":"first","10":"instock","11":"featured","12":"shipping-taxable","13":"purchasable","14":"product-type-simple"},"_links":{"self":[{"href":"https:\/\/acsi.com.br\/lojavirtual\/wp-json\/wp\/v2\/product\/1397","targetHints":{"allow":["GET"]}}],"collection":[{"href":"https:\/\/acsi.com.br\/lojavirtual\/wp-json\/wp\/v2\/product"}],"about":[{"href":"https:\/\/acsi.com.br\/lojavirtual\/wp-json\/wp\/v2\/types\/product"}],"replies":[{"embeddable":true,"href":"https:\/\/acsi.com.br\/lojavirtual\/wp-json\/wp\/v2\/comments?post=1397"}],"version-history":[{"count":1,"href":"https:\/\/acsi.com.br\/lojavirtual\/wp-json\/wp\/v2\/product\/1397\/revisions"}],"predecessor-version":[{"id":1399,"href":"https:\/\/acsi.com.br\/lojavirtual\/wp-json\/wp\/v2\/product\/1397\/revisions\/1399"}],"wp:featuredmedia":[{"embeddable":true,"href":"https:\/\/acsi.com.br\/lojavirtual\/wp-json\/wp\/v2\/media\/1398"}],"wp:attachment":[{"href":"https:\/\/acsi.com.br\/lojavirtual\/wp-json\/wp\/v2\/media?parent=1397"}],"wp:term":[{"taxonomy":"product_brand","embeddable":true,"href":"https:\/\/acsi.com.br\/lojavirtual\/wp-json\/wp\/v2\/product_brand?post=1397"},{"taxonomy":"product_cat","embeddable":true,"href":"https:\/\/acsi.com.br\/lojavirtual\/wp-json\/wp\/v2\/product_cat?post=1397"},{"taxonomy":"product_tag","embeddable":true,"href":"https:\/\/acsi.com.br\/lojavirtual\/wp-json\/wp\/v2\/product_tag?post=1397"}],"curies":[{"name":"wp","href":"https:\/\/api.w.org\/{rel}","templated":true}]}}