{"id":1387,"date":"2023-11-17T18:50:15","date_gmt":"2023-11-17T18:50:15","guid":{"rendered":"https:\/\/acsi.com.br\/lojavirtual\/?post_type=product&#038;p=1387"},"modified":"2026-04-01T10:36:59","modified_gmt":"2026-04-01T13:36:59","slug":"vermelho-ou-amarelo","status":"publish","type":"product","link":"https:\/\/acsi.com.br\/lojavirtual\/produto\/vermelho-ou-amarelo\/","title":{"rendered":"Vermelho ou Amarelo?"},"content":{"rendered":"<p>Qual a sua cor preferida? No reino de Pitombar, voc\u00ea tinha que escolher: s\u00f3 valia vermelho ou amarelo! Mas por que s\u00f3 duas op\u00e7\u00f5es? Ah, tudo isso come\u00e7ou por causa de duas princesinhas! Iguaizinhas, mas com gostos t\u00e3o diferentes&#8230;<\/p>\n","protected":false},"excerpt":{"rendered":"<p>Qual a sua cor preferida? No reino de Pitombar, voc\u00ea tinha que escolher: s\u00f3 valia vermelho ou amarelo! Mas por que s\u00f3 duas op\u00e7\u00f5es? Ah, tudo isso come\u00e7ou por causa de duas princesinhas! Iguaizinhas, mas com gostos t\u00e3o diferentes&#8230;<\/p>\n","protected":false},"featured_media":1388,"comment_status":"open","ping_status":"closed","template":"","meta":[],"product_brand":[],"product_cat":[180],"product_tag":[137],"class_list":{"0":"post-1387","1":"product","2":"type-product","3":"status-publish","4":"has-post-thumbnail","6":"product_cat-educacao-criativa","7":"product_tag-ate-3o-ano","9":"first","10":"instock","11":"featured","12":"shipping-taxable","13":"purchasable","14":"product-type-simple"},"_links":{"self":[{"href":"https:\/\/acsi.com.br\/lojavirtual\/wp-json\/wp\/v2\/product\/1387","targetHints":{"allow":["GET"]}}],"collection":[{"href":"https:\/\/acsi.com.br\/lojavirtual\/wp-json\/wp\/v2\/product"}],"about":[{"href":"https:\/\/acsi.com.br\/lojavirtual\/wp-json\/wp\/v2\/types\/product"}],"replies":[{"embeddable":true,"href":"https:\/\/acsi.com.br\/lojavirtual\/wp-json\/wp\/v2\/comments?post=1387"}],"version-history":[{"count":1,"href":"https:\/\/acsi.com.br\/lojavirtual\/wp-json\/wp\/v2\/product\/1387\/revisions"}],"predecessor-version":[{"id":1389,"href":"https:\/\/acsi.com.br\/lojavirtual\/wp-json\/wp\/v2\/product\/1387\/revisions\/1389"}],"wp:featuredmedia":[{"embeddable":true,"href":"https:\/\/acsi.com.br\/lojavirtual\/wp-json\/wp\/v2\/media\/1388"}],"wp:attachment":[{"href":"https:\/\/acsi.com.br\/lojavirtual\/wp-json\/wp\/v2\/media?parent=1387"}],"wp:term":[{"taxonomy":"product_brand","embeddable":true,"href":"https:\/\/acsi.com.br\/lojavirtual\/wp-json\/wp\/v2\/product_brand?post=1387"},{"taxonomy":"product_cat","embeddable":true,"href":"https:\/\/acsi.com.br\/lojavirtual\/wp-json\/wp\/v2\/product_cat?post=1387"},{"taxonomy":"product_tag","embeddable":true,"href":"https:\/\/acsi.com.br\/lojavirtual\/wp-json\/wp\/v2\/product_tag?post=1387"}],"curies":[{"name":"wp","href":"https:\/\/api.w.org\/{rel}","templated":true}]}}