{"id":1381,"date":"2023-11-17T18:43:24","date_gmt":"2023-11-17T18:43:24","guid":{"rendered":"https:\/\/acsi.com.br\/lojavirtual\/?post_type=product&#038;p=1381"},"modified":"2026-04-16T20:58:10","modified_gmt":"2026-04-16T23:58:10","slug":"alfa-biblia","status":"publish","type":"product","link":"https:\/\/acsi.com.br\/lojavirtual\/produto\/alfa-biblia\/","title":{"rendered":"Alfa B\u00edblia"},"content":{"rendered":"<p>\u00c9 uma preciosa ferramenta de evangeliza\u00e7\u00e3o: de A a Z, a partir dos grafemas da L\u00edngua Portuguesa, nossas crian\u00e7as e fam\u00edlias s\u00e3o apresentadas a hist\u00f3rias, situa\u00e7\u00f5es, personagens e conceitos importantes das Sagradas Escrituras. De um jeito simples e divertido, mas tamb\u00e9m profundo e reverente, elas aprendem o Alfabeto a partir<br \/>\nda B\u00edblia, e a B\u00edblia a partir do Alfabeto!<\/p>\n","protected":false},"excerpt":{"rendered":"<p>\u00c9 uma preciosa ferramenta de evangeliza\u00e7\u00e3o: de A a Z, a partir dos grafemas da L\u00edngua Portuguesa, nossas crian\u00e7as e fam\u00edlias s\u00e3o apresentadas a hist\u00f3rias, situa\u00e7\u00f5es, personagens e conceitos importantes das Sagradas Escrituras. De um jeito simples e divertido, mas tamb\u00e9m profundo e reverente, elas aprendem o Alfabeto a partir<br \/>\nda B\u00edblia, e a B\u00edblia a partir do Alfabeto!<\/p>\n","protected":false},"featured_media":1382,"comment_status":"closed","ping_status":"closed","template":"","meta":[],"product_brand":[],"product_cat":[178],"product_tag":[136],"class_list":{"0":"post-1381","1":"product","2":"type-product","3":"status-publish","4":"has-post-thumbnail","6":"product_cat-carinhas-da-coroa","7":"product_tag-ate-2o-ano","9":"first","10":"outofstock","11":"featured","12":"shipping-taxable","13":"purchasable","14":"product-type-simple"},"_links":{"self":[{"href":"https:\/\/acsi.com.br\/lojavirtual\/wp-json\/wp\/v2\/product\/1381","targetHints":{"allow":["GET"]}}],"collection":[{"href":"https:\/\/acsi.com.br\/lojavirtual\/wp-json\/wp\/v2\/product"}],"about":[{"href":"https:\/\/acsi.com.br\/lojavirtual\/wp-json\/wp\/v2\/types\/product"}],"replies":[{"embeddable":true,"href":"https:\/\/acsi.com.br\/lojavirtual\/wp-json\/wp\/v2\/comments?post=1381"}],"version-history":[{"count":2,"href":"https:\/\/acsi.com.br\/lojavirtual\/wp-json\/wp\/v2\/product\/1381\/revisions"}],"predecessor-version":[{"id":2215,"href":"https:\/\/acsi.com.br\/lojavirtual\/wp-json\/wp\/v2\/product\/1381\/revisions\/2215"}],"wp:featuredmedia":[{"embeddable":true,"href":"https:\/\/acsi.com.br\/lojavirtual\/wp-json\/wp\/v2\/media\/1382"}],"wp:attachment":[{"href":"https:\/\/acsi.com.br\/lojavirtual\/wp-json\/wp\/v2\/media?parent=1381"}],"wp:term":[{"taxonomy":"product_brand","embeddable":true,"href":"https:\/\/acsi.com.br\/lojavirtual\/wp-json\/wp\/v2\/product_brand?post=1381"},{"taxonomy":"product_cat","embeddable":true,"href":"https:\/\/acsi.com.br\/lojavirtual\/wp-json\/wp\/v2\/product_cat?post=1381"},{"taxonomy":"product_tag","embeddable":true,"href":"https:\/\/acsi.com.br\/lojavirtual\/wp-json\/wp\/v2\/product_tag?post=1381"}],"curies":[{"name":"wp","href":"https:\/\/api.w.org\/{rel}","templated":true}]}}