{"id":1378,"date":"2023-11-17T18:40:08","date_gmt":"2023-11-17T18:40:08","guid":{"rendered":"https:\/\/acsi.com.br\/lojavirtual\/?post_type=product&#038;p=1378"},"modified":"2026-04-16T20:58:10","modified_gmt":"2026-04-16T23:58:10","slug":"o-pequeno-principe-2","status":"publish","type":"product","link":"https:\/\/acsi.com.br\/lojavirtual\/produto\/o-pequeno-principe-2\/","title":{"rendered":"O Pequeno Pr\u00edncipe"},"content":{"rendered":"<p>Conhe\u00e7a um piloto perdido no deserto, uma rosa vaidosa habitando um planeta frio e um pequeno pr\u00edncipe que parte em uma viagem estranha e extraordin\u00e1ria por diversos planetas at\u00e9 encontrar a Terra, onde finalmente conhece a verdadeira natureza do amor.<\/p>\n","protected":false},"excerpt":{"rendered":"<p>Conhe\u00e7a um piloto perdido no deserto, uma rosa vaidosa habitando um planeta frio e um pequeno pr\u00edncipe que parte em uma viagem estranha e extraordin\u00e1ria por diversos planetas at\u00e9 encontrar a Terra, onde finalmente conhece a verdadeira natureza do amor.<\/p>\n","protected":false},"featured_media":1379,"comment_status":"closed","ping_status":"closed","template":"","meta":[],"product_brand":[],"product_cat":[175],"product_tag":[177],"class_list":{"0":"post-1378","1":"product","2":"type-product","3":"status-publish","4":"has-post-thumbnail","6":"product_cat-harperkids","7":"product_tag-1o-ao-3o-ano","9":"first","10":"outofstock","11":"shipping-taxable","12":"purchasable","13":"product-type-simple"},"_links":{"self":[{"href":"https:\/\/acsi.com.br\/lojavirtual\/wp-json\/wp\/v2\/product\/1378","targetHints":{"allow":["GET"]}}],"collection":[{"href":"https:\/\/acsi.com.br\/lojavirtual\/wp-json\/wp\/v2\/product"}],"about":[{"href":"https:\/\/acsi.com.br\/lojavirtual\/wp-json\/wp\/v2\/types\/product"}],"replies":[{"embeddable":true,"href":"https:\/\/acsi.com.br\/lojavirtual\/wp-json\/wp\/v2\/comments?post=1378"}],"version-history":[{"count":1,"href":"https:\/\/acsi.com.br\/lojavirtual\/wp-json\/wp\/v2\/product\/1378\/revisions"}],"predecessor-version":[{"id":1380,"href":"https:\/\/acsi.com.br\/lojavirtual\/wp-json\/wp\/v2\/product\/1378\/revisions\/1380"}],"wp:featuredmedia":[{"embeddable":true,"href":"https:\/\/acsi.com.br\/lojavirtual\/wp-json\/wp\/v2\/media\/1379"}],"wp:attachment":[{"href":"https:\/\/acsi.com.br\/lojavirtual\/wp-json\/wp\/v2\/media?parent=1378"}],"wp:term":[{"taxonomy":"product_brand","embeddable":true,"href":"https:\/\/acsi.com.br\/lojavirtual\/wp-json\/wp\/v2\/product_brand?post=1378"},{"taxonomy":"product_cat","embeddable":true,"href":"https:\/\/acsi.com.br\/lojavirtual\/wp-json\/wp\/v2\/product_cat?post=1378"},{"taxonomy":"product_tag","embeddable":true,"href":"https:\/\/acsi.com.br\/lojavirtual\/wp-json\/wp\/v2\/product_tag?post=1378"}],"curies":[{"name":"wp","href":"https:\/\/api.w.org\/{rel}","templated":true}]}}