{"id":1357,"date":"2023-11-17T18:14:38","date_gmt":"2023-11-17T18:14:38","guid":{"rendered":"https:\/\/acsi.com.br\/lojavirtual\/?post_type=product&#038;p=1357"},"modified":"2026-03-30T10:48:50","modified_gmt":"2026-03-30T13:48:50","slug":"foragidos-do-tempo-2-a-cancao-de-espectro-e-gloria","status":"publish","type":"product","link":"https:\/\/acsi.com.br\/lojavirtual\/produto\/foragidos-do-tempo-2-a-cancao-de-espectro-e-gloria\/","title":{"rendered":"Foragidos do Tempo 2: A Can\u00e7\u00e3o de Espectro e Gl\u00f3ria"},"content":{"rendered":"<p>Samuca dos Milagres nunca pensou que seu futuro pudesse estar no passado. Mas depois de viajar por s\u00e9culos ao lado de um m\u00edstico viajante no tempo, ele e sua melhor amiga, Gl\u00f3ria, sabem que o ontem est\u00e1 t\u00e3o perto quanto o amanh\u00e3. E uma coisa \u00e9 certa: passado, presente ou futuro \u2013 nenhum dia \u00e9 seguro. MAS, AT\u00c9 ONDE SAMUCA DOS MILAGRES IR\u00c1 PARA SALVAR O MUNDO? Determinados a derrotar Abutre de uma vez por todas, Samuca e Gl\u00f3ria confiam em Espectro, uma criatura mais velha que o pr\u00f3prio tempo. Agora, a coadjuvante dever\u00e1 assumir o papel de lenda, o her\u00f3i precisar\u00e1 recuar e poderes que eles ainda precisar\u00e3o descobrir podem ser a solu\u00e7\u00e3o para proteger cada minuto das pr\u00f3ximas eras.<\/p>\n","protected":false},"excerpt":{"rendered":"<p>Samuca dos Milagres nunca pensou que seu futuro pudesse estar no passado. Mas depois de viajar por s\u00e9culos ao lado de um m\u00edstico viajante no tempo, ele e sua melhor amiga, Gl\u00f3ria, sabem que o ontem est\u00e1 t\u00e3o perto quanto o amanh\u00e3. E uma coisa \u00e9 certa: passado, presente ou futuro \u2013 nenhum dia \u00e9 seguro. MAS, AT\u00c9 ONDE SAMUCA DOS MILAGRES IR\u00c1 PARA SALVAR O MUNDO? Determinados a derrotar Abutre de uma vez por todas, Samuca e Gl\u00f3ria confiam em Espectro, uma criatura mais velha que o pr\u00f3prio tempo. Agora, a coadjuvante dever\u00e1 assumir o papel de lenda, o her\u00f3i precisar\u00e1 recuar e poderes que eles ainda precisar\u00e3o descobrir podem ser a solu\u00e7\u00e3o para proteger cada minuto das pr\u00f3ximas eras.<\/p>\n","protected":false},"featured_media":1358,"comment_status":"open","ping_status":"closed","template":"","meta":[],"product_brand":[],"product_cat":[31],"product_tag":[170],"class_list":{"0":"post-1357","1":"product","2":"type-product","3":"status-publish","4":"has-post-thumbnail","6":"product_cat-thomas-nelson","7":"product_tag-6o-ano-ao-ensino-medio","9":"first","10":"instock","11":"featured","12":"shipping-taxable","13":"purchasable","14":"product-type-simple"},"_links":{"self":[{"href":"https:\/\/acsi.com.br\/lojavirtual\/wp-json\/wp\/v2\/product\/1357","targetHints":{"allow":["GET"]}}],"collection":[{"href":"https:\/\/acsi.com.br\/lojavirtual\/wp-json\/wp\/v2\/product"}],"about":[{"href":"https:\/\/acsi.com.br\/lojavirtual\/wp-json\/wp\/v2\/types\/product"}],"replies":[{"embeddable":true,"href":"https:\/\/acsi.com.br\/lojavirtual\/wp-json\/wp\/v2\/comments?post=1357"}],"version-history":[{"count":1,"href":"https:\/\/acsi.com.br\/lojavirtual\/wp-json\/wp\/v2\/product\/1357\/revisions"}],"predecessor-version":[{"id":1359,"href":"https:\/\/acsi.com.br\/lojavirtual\/wp-json\/wp\/v2\/product\/1357\/revisions\/1359"}],"wp:featuredmedia":[{"embeddable":true,"href":"https:\/\/acsi.com.br\/lojavirtual\/wp-json\/wp\/v2\/media\/1358"}],"wp:attachment":[{"href":"https:\/\/acsi.com.br\/lojavirtual\/wp-json\/wp\/v2\/media?parent=1357"}],"wp:term":[{"taxonomy":"product_brand","embeddable":true,"href":"https:\/\/acsi.com.br\/lojavirtual\/wp-json\/wp\/v2\/product_brand?post=1357"},{"taxonomy":"product_cat","embeddable":true,"href":"https:\/\/acsi.com.br\/lojavirtual\/wp-json\/wp\/v2\/product_cat?post=1357"},{"taxonomy":"product_tag","embeddable":true,"href":"https:\/\/acsi.com.br\/lojavirtual\/wp-json\/wp\/v2\/product_tag?post=1357"}],"curies":[{"name":"wp","href":"https:\/\/api.w.org\/{rel}","templated":true}]}}