{"id":1354,"date":"2023-11-17T18:10:53","date_gmt":"2023-11-17T18:10:53","guid":{"rendered":"https:\/\/acsi.com.br\/lojavirtual\/?post_type=product&#038;p=1354"},"modified":"2026-04-16T20:58:10","modified_gmt":"2026-04-16T23:58:10","slug":"foragidos-do-tempo-1-a-lenda-de-samuca-dos-milagres","status":"publish","type":"product","link":"https:\/\/acsi.com.br\/lojavirtual\/produto\/foragidos-do-tempo-1-a-lenda-de-samuca-dos-milagres\/","title":{"rendered":"Foragidos do Tempo 1: A Lenda de Samuca dos Milagres"},"content":{"rendered":"<p>Samuca dos Milagres \u00e9 um garoto de doze anos de idade que vive em um abrigo. Em seus sonhos, por\u00e9m, ele \u00e9 um corajoso e lend\u00e1rio her\u00f3i do passado conhecido como Poncho, que derrota vil\u00f5es e salva pessoas indefesas.<br \/>\nOU SER\u00c1 QUE N\u00c3O S\u00c3O SONHOS? Samuca vai descobrir que a \u00fanica coisa que separa o mundo que ele conhece e o mundo que imagina \u00e9 o tempo. E o tempo \u00e9 apenas uma ilus\u00e3o cujas leis podem ser alteradas por algumas<br \/>\npessoas especiais que podem viajar por ele. Com amigos como Gl\u00f3ria e Padre Tiempo, ele vai aprender que her\u00f3is tamb\u00e9m precisam de ajuda, principalmente quando enfrentam a maior miss\u00e3o de todas: SALVAR TODA A HUMANIDADE.<\/p>\n","protected":false},"excerpt":{"rendered":"<p>Samuca dos Milagres \u00e9 um garoto de doze anos de idade que vive em um abrigo. Em seus sonhos, por\u00e9m, ele \u00e9 um corajoso e lend\u00e1rio her\u00f3i do passado conhecido como Poncho, que derrota vil\u00f5es e salva pessoas indefesas.<br \/>\nOU SER\u00c1 QUE N\u00c3O S\u00c3O SONHOS? Samuca vai descobrir que a \u00fanica coisa que separa o mundo que ele conhece e o mundo que imagina \u00e9 o tempo. E o tempo \u00e9 apenas uma ilus\u00e3o cujas leis podem ser alteradas por algumas<br \/>\npessoas especiais que podem viajar por ele. Com amigos como Gl\u00f3ria e Padre Tiempo, ele vai aprender que her\u00f3is tamb\u00e9m precisam de ajuda, principalmente quando enfrentam a maior miss\u00e3o de todas: SALVAR TODA A HUMANIDADE.<\/p>\n","protected":false},"featured_media":1355,"comment_status":"closed","ping_status":"closed","template":"","meta":[],"product_brand":[],"product_cat":[31],"product_tag":[170],"class_list":{"0":"post-1354","1":"product","2":"type-product","3":"status-publish","4":"has-post-thumbnail","6":"product_cat-thomas-nelson","7":"product_tag-6o-ano-ao-ensino-medio","9":"first","10":"onbackorder","11":"featured","12":"shipping-taxable","13":"purchasable","14":"product-type-simple"},"_links":{"self":[{"href":"https:\/\/acsi.com.br\/lojavirtual\/wp-json\/wp\/v2\/product\/1354","targetHints":{"allow":["GET"]}}],"collection":[{"href":"https:\/\/acsi.com.br\/lojavirtual\/wp-json\/wp\/v2\/product"}],"about":[{"href":"https:\/\/acsi.com.br\/lojavirtual\/wp-json\/wp\/v2\/types\/product"}],"replies":[{"embeddable":true,"href":"https:\/\/acsi.com.br\/lojavirtual\/wp-json\/wp\/v2\/comments?post=1354"}],"version-history":[{"count":2,"href":"https:\/\/acsi.com.br\/lojavirtual\/wp-json\/wp\/v2\/product\/1354\/revisions"}],"predecessor-version":[{"id":1403,"href":"https:\/\/acsi.com.br\/lojavirtual\/wp-json\/wp\/v2\/product\/1354\/revisions\/1403"}],"wp:featuredmedia":[{"embeddable":true,"href":"https:\/\/acsi.com.br\/lojavirtual\/wp-json\/wp\/v2\/media\/1355"}],"wp:attachment":[{"href":"https:\/\/acsi.com.br\/lojavirtual\/wp-json\/wp\/v2\/media?parent=1354"}],"wp:term":[{"taxonomy":"product_brand","embeddable":true,"href":"https:\/\/acsi.com.br\/lojavirtual\/wp-json\/wp\/v2\/product_brand?post=1354"},{"taxonomy":"product_cat","embeddable":true,"href":"https:\/\/acsi.com.br\/lojavirtual\/wp-json\/wp\/v2\/product_cat?post=1354"},{"taxonomy":"product_tag","embeddable":true,"href":"https:\/\/acsi.com.br\/lojavirtual\/wp-json\/wp\/v2\/product_tag?post=1354"}],"curies":[{"name":"wp","href":"https:\/\/api.w.org\/{rel}","templated":true}]}}