{"id":1351,"date":"2023-11-17T18:07:50","date_gmt":"2023-11-17T18:07:50","guid":{"rendered":"https:\/\/acsi.com.br\/lojavirtual\/?post_type=product&#038;p=1351"},"modified":"2026-03-30T10:52:13","modified_gmt":"2026-03-30T13:52:13","slug":"a-escolha-do-verao","status":"publish","type":"product","link":"https:\/\/acsi.com.br\/lojavirtual\/produto\/a-escolha-do-verao\/","title":{"rendered":"A escolha de ver\u00e3o"},"content":{"rendered":"<p>Escondida entre florestas e montanhas, a pequena e calorosa vila de Teith nunca conheceu o inverno. Tradi\u00e7\u00f5es e regras que ningu\u00e9m se recorda o motivo de existirem fazem com que o jovem Beor se sinta um estranho no ninho, ansioso por conhecer o mundo al\u00e9m das conhecidas florestas. Tudo muda quando um rigoroso inverno substitui o familiar calor do Sol. Guiado por um poderoso artefato, t\u00e3o antigo quanto o pr\u00f3prio mundo, Beor parte em uma miss\u00e3o desesperada para resgatar a esta\u00e7\u00e3o perdida. Durante a jornada, o garoto descobrir\u00e1 perigos inimaginados e segredos h\u00e1 muito ocultos da humanidade e precisar\u00e1 fazer uma dif\u00edcil escolha para salvar sua vila e aqueles a quem ama.<\/p>\n","protected":false},"excerpt":{"rendered":"<p>Escondida entre florestas e montanhas, a pequena e calorosa vila de Teith nunca conheceu o inverno. Tradi\u00e7\u00f5es e regras que ningu\u00e9m se recorda o motivo de existirem fazem com que o jovem Beor se sinta um estranho no ninho, ansioso por conhecer o mundo al\u00e9m das conhecidas florestas. Tudo muda quando um rigoroso inverno substitui o familiar calor do Sol. Guiado por um poderoso artefato, t\u00e3o antigo quanto o pr\u00f3prio mundo, Beor parte em uma miss\u00e3o desesperada para resgatar a esta\u00e7\u00e3o perdida. Durante a jornada, o garoto descobrir\u00e1 perigos inimaginados e segredos h\u00e1 muito ocultos da humanidade e precisar\u00e1 fazer uma dif\u00edcil escolha para salvar sua vila e aqueles a quem ama.<\/p>\n","protected":false},"featured_media":1352,"comment_status":"open","ping_status":"closed","template":"","meta":[],"product_brand":[],"product_cat":[31],"product_tag":[168],"class_list":{"0":"post-1351","1":"product","2":"type-product","3":"status-publish","4":"has-post-thumbnail","6":"product_cat-thomas-nelson","7":"product_tag-7o-ao-9o-ano","9":"first","10":"instock","11":"featured","12":"shipping-taxable","13":"purchasable","14":"product-type-simple"},"_links":{"self":[{"href":"https:\/\/acsi.com.br\/lojavirtual\/wp-json\/wp\/v2\/product\/1351","targetHints":{"allow":["GET"]}}],"collection":[{"href":"https:\/\/acsi.com.br\/lojavirtual\/wp-json\/wp\/v2\/product"}],"about":[{"href":"https:\/\/acsi.com.br\/lojavirtual\/wp-json\/wp\/v2\/types\/product"}],"replies":[{"embeddable":true,"href":"https:\/\/acsi.com.br\/lojavirtual\/wp-json\/wp\/v2\/comments?post=1351"}],"version-history":[{"count":3,"href":"https:\/\/acsi.com.br\/lojavirtual\/wp-json\/wp\/v2\/product\/1351\/revisions"}],"predecessor-version":[{"id":6912,"href":"https:\/\/acsi.com.br\/lojavirtual\/wp-json\/wp\/v2\/product\/1351\/revisions\/6912"}],"wp:featuredmedia":[{"embeddable":true,"href":"https:\/\/acsi.com.br\/lojavirtual\/wp-json\/wp\/v2\/media\/1352"}],"wp:attachment":[{"href":"https:\/\/acsi.com.br\/lojavirtual\/wp-json\/wp\/v2\/media?parent=1351"}],"wp:term":[{"taxonomy":"product_brand","embeddable":true,"href":"https:\/\/acsi.com.br\/lojavirtual\/wp-json\/wp\/v2\/product_brand?post=1351"},{"taxonomy":"product_cat","embeddable":true,"href":"https:\/\/acsi.com.br\/lojavirtual\/wp-json\/wp\/v2\/product_cat?post=1351"},{"taxonomy":"product_tag","embeddable":true,"href":"https:\/\/acsi.com.br\/lojavirtual\/wp-json\/wp\/v2\/product_tag?post=1351"}],"curies":[{"name":"wp","href":"https:\/\/api.w.org\/{rel}","templated":true}]}}