{"id":1345,"date":"2023-11-17T18:03:14","date_gmt":"2023-11-17T18:03:14","guid":{"rendered":"https:\/\/acsi.com.br\/lojavirtual\/?post_type=product&#038;p=1345"},"modified":"2026-04-20T21:30:58","modified_gmt":"2026-04-21T00:30:58","slug":"as-cronicas-de-narnia-o-sobrinho-do-mago","status":"publish","type":"product","link":"https:\/\/acsi.com.br\/lojavirtual\/produto\/as-cronicas-de-narnia-o-sobrinho-do-mago\/","title":{"rendered":"As Cr\u00f4nicas de N\u00e1rnia: O Sobrinho do Mago"},"content":{"rendered":"<p>Em O Sobrinho do Mago, o menino Greg\u00f3rio e sua vizinha Polly v\u00e3o parar num bosque m\u00e1gico que d\u00e1 acesso a diversos mundos. Isso acontece antes de Pedro, Susana, Edmundo e L\u00facia nascerem, antes mesmo de a pr\u00f3pria N\u00e1rnia existir! Os dois mal t\u00eam tempo de aproveitar a descoberta, pois no encal\u00e7o deles h\u00e1 uma rainha malvada, um mago med\u00edocre e um cocheiro muito assustado. Ainda bem que no meio da confus\u00e3o h\u00e1 tamb\u00e9m um misterioso le\u00e3o, poderoso o suficiente para colocar tudo em ordem \u2013 e dar vida a um novo mundo.<\/p>\n","protected":false},"excerpt":{"rendered":"<p>Em O Sobrinho do Mago, o menino Greg\u00f3rio e sua vizinha Polly v\u00e3o parar num bosque m\u00e1gico que d\u00e1 acesso a diversos mundos. Isso acontece antes de Pedro, Susana, Edmundo e L\u00facia nascerem, antes mesmo de a pr\u00f3pria N\u00e1rnia existir! Os dois mal t\u00eam tempo de aproveitar a descoberta, pois no encal\u00e7o deles h\u00e1 uma rainha malvada, um mago med\u00edocre e um cocheiro muito assustado. Ainda bem que no meio da confus\u00e3o h\u00e1 tamb\u00e9m um misterioso le\u00e3o, poderoso o suficiente para colocar tudo em ordem \u2013 e dar vida a um novo mundo.<\/p>\n","protected":false},"featured_media":1346,"comment_status":"closed","ping_status":"closed","template":"","meta":[],"product_brand":[],"product_cat":[31],"product_tag":[162],"class_list":{"0":"post-1345","1":"product","2":"type-product","3":"status-publish","4":"has-post-thumbnail","6":"product_cat-thomas-nelson","7":"product_tag-5o-ao-9o-ano","9":"first","10":"instock","11":"featured","12":"shipping-taxable","13":"purchasable","14":"product-type-simple"},"_links":{"self":[{"href":"https:\/\/acsi.com.br\/lojavirtual\/wp-json\/wp\/v2\/product\/1345","targetHints":{"allow":["GET"]}}],"collection":[{"href":"https:\/\/acsi.com.br\/lojavirtual\/wp-json\/wp\/v2\/product"}],"about":[{"href":"https:\/\/acsi.com.br\/lojavirtual\/wp-json\/wp\/v2\/types\/product"}],"replies":[{"embeddable":true,"href":"https:\/\/acsi.com.br\/lojavirtual\/wp-json\/wp\/v2\/comments?post=1345"}],"version-history":[{"count":1,"href":"https:\/\/acsi.com.br\/lojavirtual\/wp-json\/wp\/v2\/product\/1345\/revisions"}],"predecessor-version":[{"id":1347,"href":"https:\/\/acsi.com.br\/lojavirtual\/wp-json\/wp\/v2\/product\/1345\/revisions\/1347"}],"wp:featuredmedia":[{"embeddable":true,"href":"https:\/\/acsi.com.br\/lojavirtual\/wp-json\/wp\/v2\/media\/1346"}],"wp:attachment":[{"href":"https:\/\/acsi.com.br\/lojavirtual\/wp-json\/wp\/v2\/media?parent=1345"}],"wp:term":[{"taxonomy":"product_brand","embeddable":true,"href":"https:\/\/acsi.com.br\/lojavirtual\/wp-json\/wp\/v2\/product_brand?post=1345"},{"taxonomy":"product_cat","embeddable":true,"href":"https:\/\/acsi.com.br\/lojavirtual\/wp-json\/wp\/v2\/product_cat?post=1345"},{"taxonomy":"product_tag","embeddable":true,"href":"https:\/\/acsi.com.br\/lojavirtual\/wp-json\/wp\/v2\/product_tag?post=1345"}],"curies":[{"name":"wp","href":"https:\/\/api.w.org\/{rel}","templated":true}]}}