{"id":1342,"date":"2023-11-17T18:01:15","date_gmt":"2023-11-17T18:01:15","guid":{"rendered":"https:\/\/acsi.com.br\/lojavirtual\/?post_type=product&#038;p=1342"},"modified":"2026-04-22T14:25:43","modified_gmt":"2026-04-22T17:25:43","slug":"as-cronicas-de-narnia-o-cavalo-e-seu-menino","status":"publish","type":"product","link":"https:\/\/acsi.com.br\/lojavirtual\/produto\/as-cronicas-de-narnia-o-cavalo-e-seu-menino\/","title":{"rendered":"As Cr\u00f4nicas de N\u00e1rnia: O Cavalo e seu Menino"},"content":{"rendered":"<p>Em O Cavalo e seu Menino acompanhamos a hist\u00f3ria de Shasta \u2014 filho adotivo de um pai nada afetivo \u2014 nas terras ao sul de N\u00e1rnia. Ap\u00f3s descobrir que seria vendido como escravo, ele foge rumo ao destino de seus sonhos \u2014 para o Norte e em dire\u00e7\u00e3o a N\u00e1rnia! Ao lado do cavalo falante Bri, Shasta viver\u00e1 uma aventura que terminar\u00e1<br \/>\npor coloc\u00e1-lo no centro de uma batalha \u2013 uma batalha que decidir\u00e1 n\u00e3o apenas seu destino, como tamb\u00e9m o de toda N\u00e1rnia.<\/p>\n","protected":false},"excerpt":{"rendered":"<p>Em O Cavalo e seu Menino acompanhamos a hist\u00f3ria de Shasta \u2014 filho adotivo de um pai nada afetivo \u2014 nas terras ao sul de N\u00e1rnia. Ap\u00f3s descobrir que seria vendido como escravo, ele foge rumo ao destino de seus sonhos \u2014 para o Norte e em dire\u00e7\u00e3o a N\u00e1rnia! Ao lado do cavalo falante Bri, Shasta viver\u00e1 uma aventura que terminar\u00e1<br \/>\npor coloc\u00e1-lo no centro de uma batalha \u2013 uma batalha que decidir\u00e1 n\u00e3o apenas seu destino, como tamb\u00e9m o de toda N\u00e1rnia.<\/p>\n","protected":false},"featured_media":1343,"comment_status":"closed","ping_status":"closed","template":"","meta":[],"product_brand":[],"product_cat":[31],"product_tag":[162],"class_list":{"0":"post-1342","1":"product","2":"type-product","3":"status-publish","4":"has-post-thumbnail","6":"product_cat-thomas-nelson","7":"product_tag-5o-ao-9o-ano","9":"first","10":"instock","11":"featured","12":"shipping-taxable","13":"purchasable","14":"product-type-simple"},"_links":{"self":[{"href":"https:\/\/acsi.com.br\/lojavirtual\/wp-json\/wp\/v2\/product\/1342","targetHints":{"allow":["GET"]}}],"collection":[{"href":"https:\/\/acsi.com.br\/lojavirtual\/wp-json\/wp\/v2\/product"}],"about":[{"href":"https:\/\/acsi.com.br\/lojavirtual\/wp-json\/wp\/v2\/types\/product"}],"replies":[{"embeddable":true,"href":"https:\/\/acsi.com.br\/lojavirtual\/wp-json\/wp\/v2\/comments?post=1342"}],"version-history":[{"count":2,"href":"https:\/\/acsi.com.br\/lojavirtual\/wp-json\/wp\/v2\/product\/1342\/revisions"}],"predecessor-version":[{"id":2126,"href":"https:\/\/acsi.com.br\/lojavirtual\/wp-json\/wp\/v2\/product\/1342\/revisions\/2126"}],"wp:featuredmedia":[{"embeddable":true,"href":"https:\/\/acsi.com.br\/lojavirtual\/wp-json\/wp\/v2\/media\/1343"}],"wp:attachment":[{"href":"https:\/\/acsi.com.br\/lojavirtual\/wp-json\/wp\/v2\/media?parent=1342"}],"wp:term":[{"taxonomy":"product_brand","embeddable":true,"href":"https:\/\/acsi.com.br\/lojavirtual\/wp-json\/wp\/v2\/product_brand?post=1342"},{"taxonomy":"product_cat","embeddable":true,"href":"https:\/\/acsi.com.br\/lojavirtual\/wp-json\/wp\/v2\/product_cat?post=1342"},{"taxonomy":"product_tag","embeddable":true,"href":"https:\/\/acsi.com.br\/lojavirtual\/wp-json\/wp\/v2\/product_tag?post=1342"}],"curies":[{"name":"wp","href":"https:\/\/api.w.org\/{rel}","templated":true}]}}