{"id":1333,"date":"2023-11-17T17:50:57","date_gmt":"2023-11-17T17:50:57","guid":{"rendered":"https:\/\/acsi.com.br\/lojavirtual\/?post_type=product&#038;p=1333"},"modified":"2026-04-16T20:58:38","modified_gmt":"2026-04-16T23:58:38","slug":"as-cronicas-de-narnia-principe-caspian","status":"publish","type":"product","link":"https:\/\/acsi.com.br\/lojavirtual\/produto\/as-cronicas-de-narnia-principe-caspian\/","title":{"rendered":"As Cr\u00f4nicas de N\u00e1rnia: Pr\u00edncipe Caspian"},"content":{"rendered":"<p>Pr\u00edncipe Caspian conta a hist\u00f3ria de um per\u00edodo em que N\u00e1rnia era dominada pelo Rei Miraz; toda a magia e encanto de N\u00e1rnia foram abafadas por seu reinado. Seu sobrinho, Caspian X, \u00e9 o rei leg\u00edtimo de N\u00e1rnia e contar\u00e1 com a ajuda de Pedro, Susana, Edmundo e L\u00facia para retomar o trono e restabelecer a paz.<\/p>\n","protected":false},"excerpt":{"rendered":"<p>Pr\u00edncipe Caspian conta a hist\u00f3ria de um per\u00edodo em que N\u00e1rnia era dominada pelo Rei Miraz; toda a magia e encanto de N\u00e1rnia foram abafadas por seu reinado. Seu sobrinho, Caspian X, \u00e9 o rei leg\u00edtimo de N\u00e1rnia e contar\u00e1 com a ajuda de Pedro, Susana, Edmundo e L\u00facia para retomar o trono e restabelecer a paz.<\/p>\n","protected":false},"featured_media":1334,"comment_status":"closed","ping_status":"closed","template":"","meta":[],"product_brand":[],"product_cat":[31],"product_tag":[162],"class_list":{"0":"post-1333","1":"product","2":"type-product","3":"status-publish","4":"has-post-thumbnail","6":"product_cat-thomas-nelson","7":"product_tag-5o-ao-9o-ano","9":"first","10":"instock","11":"featured","12":"shipping-taxable","13":"purchasable","14":"product-type-simple"},"_links":{"self":[{"href":"https:\/\/acsi.com.br\/lojavirtual\/wp-json\/wp\/v2\/product\/1333","targetHints":{"allow":["GET"]}}],"collection":[{"href":"https:\/\/acsi.com.br\/lojavirtual\/wp-json\/wp\/v2\/product"}],"about":[{"href":"https:\/\/acsi.com.br\/lojavirtual\/wp-json\/wp\/v2\/types\/product"}],"replies":[{"embeddable":true,"href":"https:\/\/acsi.com.br\/lojavirtual\/wp-json\/wp\/v2\/comments?post=1333"}],"version-history":[{"count":2,"href":"https:\/\/acsi.com.br\/lojavirtual\/wp-json\/wp\/v2\/product\/1333\/revisions"}],"predecessor-version":[{"id":2503,"href":"https:\/\/acsi.com.br\/lojavirtual\/wp-json\/wp\/v2\/product\/1333\/revisions\/2503"}],"wp:featuredmedia":[{"embeddable":true,"href":"https:\/\/acsi.com.br\/lojavirtual\/wp-json\/wp\/v2\/media\/1334"}],"wp:attachment":[{"href":"https:\/\/acsi.com.br\/lojavirtual\/wp-json\/wp\/v2\/media?parent=1333"}],"wp:term":[{"taxonomy":"product_brand","embeddable":true,"href":"https:\/\/acsi.com.br\/lojavirtual\/wp-json\/wp\/v2\/product_brand?post=1333"},{"taxonomy":"product_cat","embeddable":true,"href":"https:\/\/acsi.com.br\/lojavirtual\/wp-json\/wp\/v2\/product_cat?post=1333"},{"taxonomy":"product_tag","embeddable":true,"href":"https:\/\/acsi.com.br\/lojavirtual\/wp-json\/wp\/v2\/product_tag?post=1333"}],"curies":[{"name":"wp","href":"https:\/\/api.w.org\/{rel}","templated":true}]}}