{"id":1330,"date":"2023-11-17T17:46:44","date_gmt":"2023-11-17T17:46:44","guid":{"rendered":"https:\/\/acsi.com.br\/lojavirtual\/?post_type=product&#038;p=1330"},"modified":"2026-04-20T13:52:18","modified_gmt":"2026-04-20T16:52:18","slug":"as-cronicas-de-narnia-o-leao-a-feiticeira-e-o-guarda-roupa","status":"publish","type":"product","link":"https:\/\/acsi.com.br\/lojavirtual\/produto\/as-cronicas-de-narnia-o-leao-a-feiticeira-e-o-guarda-roupa\/","title":{"rendered":"As Cr\u00f4nicas de N\u00e1rnia: O Le\u00e3o, a Feiticeira e o Guarda-roupa"},"content":{"rendered":"<p>O Le\u00e3o, a Feiticeira e o Guarda-roupa conta a hist\u00f3ria dos irm\u00e3os Pedro, Susana, Edmundo e L\u00facia Pevensie. Em meio a brincadeiras na casa de um velho professor, eles descobrem um misterioso guarda-roupa que os leva a N\u00e1rnia, um reino m\u00e1gico que sofre de um inverno sem fim desde que Jadis, a temida Feiticeira Branca, tomou o poder. Mas uma antiga profecia \u2014 que envolve justamente quatro crian\u00e7as, al\u00e9m de um fant\u00e1stico le\u00e3o chamado Aslan \u2014 afirma que h\u00e1 esperan\u00e7a para o reino, contanto que se tenha coragem.<\/p>\n","protected":false},"excerpt":{"rendered":"<p>O Le\u00e3o, a Feiticeira e o Guarda-roupa conta a hist\u00f3ria dos irm\u00e3os Pedro, Susana, Edmundo e L\u00facia Pevensie. Em meio a brincadeiras na casa de um velho professor, eles descobrem um misterioso guarda-roupa que os leva a N\u00e1rnia, um reino m\u00e1gico que sofre de um inverno sem fim desde que Jadis, a temida Feiticeira Branca, tomou o poder. Mas uma antiga profecia \u2014 que envolve justamente quatro crian\u00e7as, al\u00e9m de um fant\u00e1stico le\u00e3o chamado Aslan \u2014 afirma que h\u00e1 esperan\u00e7a para o reino, contanto que se tenha coragem.<\/p>\n","protected":false},"featured_media":1331,"comment_status":"closed","ping_status":"closed","template":"","meta":[],"product_brand":[],"product_cat":[31],"product_tag":[162],"class_list":{"0":"post-1330","1":"product","2":"type-product","3":"status-publish","4":"has-post-thumbnail","6":"product_cat-thomas-nelson","7":"product_tag-5o-ao-9o-ano","9":"first","10":"instock","11":"featured","12":"shipping-taxable","13":"purchasable","14":"product-type-simple"},"_links":{"self":[{"href":"https:\/\/acsi.com.br\/lojavirtual\/wp-json\/wp\/v2\/product\/1330","targetHints":{"allow":["GET"]}}],"collection":[{"href":"https:\/\/acsi.com.br\/lojavirtual\/wp-json\/wp\/v2\/product"}],"about":[{"href":"https:\/\/acsi.com.br\/lojavirtual\/wp-json\/wp\/v2\/types\/product"}],"replies":[{"embeddable":true,"href":"https:\/\/acsi.com.br\/lojavirtual\/wp-json\/wp\/v2\/comments?post=1330"}],"version-history":[{"count":1,"href":"https:\/\/acsi.com.br\/lojavirtual\/wp-json\/wp\/v2\/product\/1330\/revisions"}],"predecessor-version":[{"id":1332,"href":"https:\/\/acsi.com.br\/lojavirtual\/wp-json\/wp\/v2\/product\/1330\/revisions\/1332"}],"wp:featuredmedia":[{"embeddable":true,"href":"https:\/\/acsi.com.br\/lojavirtual\/wp-json\/wp\/v2\/media\/1331"}],"wp:attachment":[{"href":"https:\/\/acsi.com.br\/lojavirtual\/wp-json\/wp\/v2\/media?parent=1330"}],"wp:term":[{"taxonomy":"product_brand","embeddable":true,"href":"https:\/\/acsi.com.br\/lojavirtual\/wp-json\/wp\/v2\/product_brand?post=1330"},{"taxonomy":"product_cat","embeddable":true,"href":"https:\/\/acsi.com.br\/lojavirtual\/wp-json\/wp\/v2\/product_cat?post=1330"},{"taxonomy":"product_tag","embeddable":true,"href":"https:\/\/acsi.com.br\/lojavirtual\/wp-json\/wp\/v2\/product_tag?post=1330"}],"curies":[{"name":"wp","href":"https:\/\/api.w.org\/{rel}","templated":true}]}}