{"id":1327,"date":"2023-11-17T17:41:36","date_gmt":"2023-11-17T17:41:36","guid":{"rendered":"https:\/\/acsi.com.br\/lojavirtual\/?post_type=product&#038;p=1327"},"modified":"2026-04-16T20:58:38","modified_gmt":"2026-04-16T23:58:38","slug":"a-lua-e-sempre-redonda","status":"publish","type":"product","link":"https:\/\/acsi.com.br\/lojavirtual\/produto\/a-lua-e-sempre-redonda\/","title":{"rendered":"A Lua \u00e9 Sempre Redonda"},"content":{"rendered":"<p>At\u00e9 mesmo as crian\u00e7as pequenas querem respostas \u00e0s perguntas sobre Deus e sofrimento. Neste livro, Jonathan Gibson usa a imagem v\u00edvida da lua para explicar \u00e0s crian\u00e7as como a bondade de Deus est\u00e1 sempre presente, mesmo quando parece estar obscurecida por circunst\u00e2ncias ruins ou dif\u00edceis.<\/p>\n","protected":false},"excerpt":{"rendered":"<p>At\u00e9 mesmo as crian\u00e7as pequenas querem respostas \u00e0s perguntas sobre Deus e sofrimento. Neste livro, Jonathan Gibson usa a imagem v\u00edvida da lua para explicar \u00e0s crian\u00e7as como a bondade de Deus est\u00e1 sempre presente, mesmo quando parece estar obscurecida por circunst\u00e2ncias ruins ou dif\u00edceis.<\/p>\n","protected":false},"featured_media":1328,"comment_status":"closed","ping_status":"closed","template":"","meta":[],"product_brand":[],"product_cat":[31],"product_tag":[139],"class_list":{"0":"post-1327","1":"product","2":"type-product","3":"status-publish","4":"has-post-thumbnail","6":"product_cat-thomas-nelson","7":"product_tag-ate-5o-ano","9":"first","10":"outofstock","11":"featured","12":"shipping-taxable","13":"purchasable","14":"product-type-simple"},"_links":{"self":[{"href":"https:\/\/acsi.com.br\/lojavirtual\/wp-json\/wp\/v2\/product\/1327","targetHints":{"allow":["GET"]}}],"collection":[{"href":"https:\/\/acsi.com.br\/lojavirtual\/wp-json\/wp\/v2\/product"}],"about":[{"href":"https:\/\/acsi.com.br\/lojavirtual\/wp-json\/wp\/v2\/types\/product"}],"replies":[{"embeddable":true,"href":"https:\/\/acsi.com.br\/lojavirtual\/wp-json\/wp\/v2\/comments?post=1327"}],"version-history":[{"count":1,"href":"https:\/\/acsi.com.br\/lojavirtual\/wp-json\/wp\/v2\/product\/1327\/revisions"}],"predecessor-version":[{"id":1329,"href":"https:\/\/acsi.com.br\/lojavirtual\/wp-json\/wp\/v2\/product\/1327\/revisions\/1329"}],"wp:featuredmedia":[{"embeddable":true,"href":"https:\/\/acsi.com.br\/lojavirtual\/wp-json\/wp\/v2\/media\/1328"}],"wp:attachment":[{"href":"https:\/\/acsi.com.br\/lojavirtual\/wp-json\/wp\/v2\/media?parent=1327"}],"wp:term":[{"taxonomy":"product_brand","embeddable":true,"href":"https:\/\/acsi.com.br\/lojavirtual\/wp-json\/wp\/v2\/product_brand?post=1327"},{"taxonomy":"product_cat","embeddable":true,"href":"https:\/\/acsi.com.br\/lojavirtual\/wp-json\/wp\/v2\/product_cat?post=1327"},{"taxonomy":"product_tag","embeddable":true,"href":"https:\/\/acsi.com.br\/lojavirtual\/wp-json\/wp\/v2\/product_tag?post=1327"}],"curies":[{"name":"wp","href":"https:\/\/api.w.org\/{rel}","templated":true}]}}