{"id":1311,"date":"2023-11-13T20:41:45","date_gmt":"2023-11-13T20:41:45","guid":{"rendered":"https:\/\/acsi.com.br\/lojavirtual\/?post_type=product&#038;p=1311"},"modified":"2026-04-16T20:58:38","modified_gmt":"2026-04-16T23:58:38","slug":"de-quem-e-a-coroa","status":"publish","type":"product","link":"https:\/\/acsi.com.br\/lojavirtual\/produto\/de-quem-e-a-coroa\/","title":{"rendered":"De Quem \u00e9 a Coroa?"},"content":{"rendered":"<p>Uma garotinha acha uma coroa e se pergunta: a quem ela pertence? Seus pais, seu professor e at\u00e9 seu cachorrinho tentam coloc\u00e1-la, mas a coroa n\u00e3o cabe em ningu\u00e9m. Ser\u00e1 que a garota est\u00e1 colocando-a nos lugares certos? Por meio de uma abordagem divertida e leve, De quem \u00e9 a coroa ensina qual \u00e9 o lugar de Jesus em nossos cora\u00e7\u00f5es e nos faz questionar sobre onde colocamos nossa devo\u00e7\u00e3o.<\/p>\n","protected":false},"excerpt":{"rendered":"<p>Uma garotinha acha uma coroa e se pergunta: a quem ela pertence? Seus pais, seu professor e at\u00e9 seu cachorrinho tentam coloc\u00e1-la, mas a coroa n\u00e3o cabe em ningu\u00e9m. Ser\u00e1 que a garota est\u00e1 colocando-a nos lugares certos? Por meio de uma abordagem divertida e leve, De quem \u00e9 a coroa ensina qual \u00e9 o lugar de Jesus em nossos cora\u00e7\u00f5es e nos faz questionar sobre onde colocamos nossa devo\u00e7\u00e3o.<\/p>\n","protected":false},"featured_media":1312,"comment_status":"closed","ping_status":"closed","template":"","meta":[],"product_brand":[],"product_cat":[31],"product_tag":[],"class_list":{"0":"post-1311","1":"product","2":"type-product","3":"status-publish","4":"has-post-thumbnail","6":"product_cat-thomas-nelson","8":"first","9":"instock","10":"featured","11":"shipping-taxable","12":"purchasable","13":"product-type-simple"},"_links":{"self":[{"href":"https:\/\/acsi.com.br\/lojavirtual\/wp-json\/wp\/v2\/product\/1311","targetHints":{"allow":["GET"]}}],"collection":[{"href":"https:\/\/acsi.com.br\/lojavirtual\/wp-json\/wp\/v2\/product"}],"about":[{"href":"https:\/\/acsi.com.br\/lojavirtual\/wp-json\/wp\/v2\/types\/product"}],"replies":[{"embeddable":true,"href":"https:\/\/acsi.com.br\/lojavirtual\/wp-json\/wp\/v2\/comments?post=1311"}],"version-history":[{"count":1,"href":"https:\/\/acsi.com.br\/lojavirtual\/wp-json\/wp\/v2\/product\/1311\/revisions"}],"predecessor-version":[{"id":1313,"href":"https:\/\/acsi.com.br\/lojavirtual\/wp-json\/wp\/v2\/product\/1311\/revisions\/1313"}],"wp:featuredmedia":[{"embeddable":true,"href":"https:\/\/acsi.com.br\/lojavirtual\/wp-json\/wp\/v2\/media\/1312"}],"wp:attachment":[{"href":"https:\/\/acsi.com.br\/lojavirtual\/wp-json\/wp\/v2\/media?parent=1311"}],"wp:term":[{"taxonomy":"product_brand","embeddable":true,"href":"https:\/\/acsi.com.br\/lojavirtual\/wp-json\/wp\/v2\/product_brand?post=1311"},{"taxonomy":"product_cat","embeddable":true,"href":"https:\/\/acsi.com.br\/lojavirtual\/wp-json\/wp\/v2\/product_cat?post=1311"},{"taxonomy":"product_tag","embeddable":true,"href":"https:\/\/acsi.com.br\/lojavirtual\/wp-json\/wp\/v2\/product_tag?post=1311"}],"curies":[{"name":"wp","href":"https:\/\/api.w.org\/{rel}","templated":true}]}}