{"id":1305,"date":"2023-11-13T20:34:49","date_gmt":"2023-11-13T20:34:49","guid":{"rendered":"https:\/\/acsi.com.br\/lojavirtual\/?post_type=product&#038;p=1305"},"modified":"2026-04-01T18:30:53","modified_gmt":"2026-04-01T21:30:53","slug":"o-pequeno-principe","status":"publish","type":"product","link":"https:\/\/acsi.com.br\/lojavirtual\/produto\/o-pequeno-principe\/","title":{"rendered":"O Pequeno Pr\u00edncipe"},"content":{"rendered":"<p>Publicado pela primeira vez em 1943, O Pequeno Pr\u00edncipe \u00e9 a obra mais famosa do aristocrata, escritor, poeta e aviador pioneiro Antoine de Saint-Exup\u00e9ry. \u00c9 um conto po\u00e9tico, com ilustra\u00e7\u00f5es em aquarela do autor, em que um piloto perdido no deserto encontra um jovem pr\u00edncipe em visita \u00e0 Terra vindo de um min\u00fasculo asteroide. A hist\u00f3ria \u00e9 filos\u00f3fica e inclui cr\u00edticas sociais ao mundo adulto.<\/p>\n","protected":false},"excerpt":{"rendered":"<p>Publicado pela primeira vez em 1943, O Pequeno Pr\u00edncipe \u00e9 a obra mais famosa do aristocrata, escritor, poeta e aviador pioneiro Antoine de Saint-Exup\u00e9ry. \u00c9 um conto po\u00e9tico, com ilustra\u00e7\u00f5es em aquarela do autor, em que um piloto perdido no deserto encontra um jovem pr\u00edncipe em visita \u00e0 Terra vindo de um min\u00fasculo asteroide. A hist\u00f3ria \u00e9 filos\u00f3fica e inclui cr\u00edticas sociais ao mundo adulto.<\/p>\n","protected":false},"featured_media":1306,"comment_status":"open","ping_status":"closed","template":"","meta":[],"product_brand":[],"product_cat":[28],"product_tag":[162],"class_list":{"0":"post-1305","1":"product","2":"type-product","3":"status-publish","4":"has-post-thumbnail","6":"product_cat-ciranda-cultural","7":"product_tag-5o-ao-9o-ano","9":"first","10":"instock","11":"featured","12":"shipping-taxable","13":"purchasable","14":"product-type-simple"},"_links":{"self":[{"href":"https:\/\/acsi.com.br\/lojavirtual\/wp-json\/wp\/v2\/product\/1305","targetHints":{"allow":["GET"]}}],"collection":[{"href":"https:\/\/acsi.com.br\/lojavirtual\/wp-json\/wp\/v2\/product"}],"about":[{"href":"https:\/\/acsi.com.br\/lojavirtual\/wp-json\/wp\/v2\/types\/product"}],"replies":[{"embeddable":true,"href":"https:\/\/acsi.com.br\/lojavirtual\/wp-json\/wp\/v2\/comments?post=1305"}],"version-history":[{"count":2,"href":"https:\/\/acsi.com.br\/lojavirtual\/wp-json\/wp\/v2\/product\/1305\/revisions"}],"predecessor-version":[{"id":7229,"href":"https:\/\/acsi.com.br\/lojavirtual\/wp-json\/wp\/v2\/product\/1305\/revisions\/7229"}],"wp:featuredmedia":[{"embeddable":true,"href":"https:\/\/acsi.com.br\/lojavirtual\/wp-json\/wp\/v2\/media\/1306"}],"wp:attachment":[{"href":"https:\/\/acsi.com.br\/lojavirtual\/wp-json\/wp\/v2\/media?parent=1305"}],"wp:term":[{"taxonomy":"product_brand","embeddable":true,"href":"https:\/\/acsi.com.br\/lojavirtual\/wp-json\/wp\/v2\/product_brand?post=1305"},{"taxonomy":"product_cat","embeddable":true,"href":"https:\/\/acsi.com.br\/lojavirtual\/wp-json\/wp\/v2\/product_cat?post=1305"},{"taxonomy":"product_tag","embeddable":true,"href":"https:\/\/acsi.com.br\/lojavirtual\/wp-json\/wp\/v2\/product_tag?post=1305"}],"curies":[{"name":"wp","href":"https:\/\/api.w.org\/{rel}","templated":true}]}}