{"id":1299,"date":"2023-11-13T20:30:39","date_gmt":"2023-11-13T20:30:39","guid":{"rendered":"https:\/\/acsi.com.br\/lojavirtual\/?post_type=product&#038;p=1299"},"modified":"2026-04-16T20:58:38","modified_gmt":"2026-04-16T23:58:38","slug":"o-brilho-de-bia","status":"publish","type":"product","link":"https:\/\/acsi.com.br\/lojavirtual\/produto\/o-brilho-de-bia\/","title":{"rendered":"O Brilho de Bia"},"content":{"rendered":"<p>A boneca que Bia ganhou fala OBRIGADA em v\u00e1rios idiomas, e a menina vai lev\u00e1-la \u00e0 Festa das Na\u00e7\u00f5es que come\u00e7ou naquele dia na cidade em que mora. Um mundo novo vai se descortinar diante dos olhos da menina. E um novo brilho vai tornar a noite da fam\u00edlia muito especial!<\/p>\n","protected":false},"excerpt":{"rendered":"<p>A boneca que Bia ganhou fala OBRIGADA em v\u00e1rios idiomas, e a menina vai lev\u00e1-la \u00e0 Festa das Na\u00e7\u00f5es que come\u00e7ou naquele dia na cidade em que mora. Um mundo novo vai se descortinar diante dos olhos da menina. E um novo brilho vai tornar a noite da fam\u00edlia muito especial!<\/p>\n","protected":false},"featured_media":1300,"comment_status":"closed","ping_status":"closed","template":"","meta":[],"product_brand":[],"product_cat":[28],"product_tag":[136],"class_list":{"0":"post-1299","1":"product","2":"type-product","3":"status-publish","4":"has-post-thumbnail","6":"product_cat-ciranda-cultural","7":"product_tag-ate-2o-ano","9":"first","10":"instock","11":"featured","12":"shipping-taxable","13":"purchasable","14":"product-type-simple"},"_links":{"self":[{"href":"https:\/\/acsi.com.br\/lojavirtual\/wp-json\/wp\/v2\/product\/1299","targetHints":{"allow":["GET"]}}],"collection":[{"href":"https:\/\/acsi.com.br\/lojavirtual\/wp-json\/wp\/v2\/product"}],"about":[{"href":"https:\/\/acsi.com.br\/lojavirtual\/wp-json\/wp\/v2\/types\/product"}],"replies":[{"embeddable":true,"href":"https:\/\/acsi.com.br\/lojavirtual\/wp-json\/wp\/v2\/comments?post=1299"}],"version-history":[{"count":1,"href":"https:\/\/acsi.com.br\/lojavirtual\/wp-json\/wp\/v2\/product\/1299\/revisions"}],"predecessor-version":[{"id":1301,"href":"https:\/\/acsi.com.br\/lojavirtual\/wp-json\/wp\/v2\/product\/1299\/revisions\/1301"}],"wp:featuredmedia":[{"embeddable":true,"href":"https:\/\/acsi.com.br\/lojavirtual\/wp-json\/wp\/v2\/media\/1300"}],"wp:attachment":[{"href":"https:\/\/acsi.com.br\/lojavirtual\/wp-json\/wp\/v2\/media?parent=1299"}],"wp:term":[{"taxonomy":"product_brand","embeddable":true,"href":"https:\/\/acsi.com.br\/lojavirtual\/wp-json\/wp\/v2\/product_brand?post=1299"},{"taxonomy":"product_cat","embeddable":true,"href":"https:\/\/acsi.com.br\/lojavirtual\/wp-json\/wp\/v2\/product_cat?post=1299"},{"taxonomy":"product_tag","embeddable":true,"href":"https:\/\/acsi.com.br\/lojavirtual\/wp-json\/wp\/v2\/product_tag?post=1299"}],"curies":[{"name":"wp","href":"https:\/\/api.w.org\/{rel}","templated":true}]}}