{"id":1293,"date":"2023-11-13T20:26:29","date_gmt":"2023-11-13T20:26:29","guid":{"rendered":"https:\/\/acsi.com.br\/lojavirtual\/?post_type=product&#038;p=1293"},"modified":"2026-04-16T20:58:38","modified_gmt":"2026-04-16T23:58:38","slug":"fotografias-de-miguel","status":"publish","type":"product","link":"https:\/\/acsi.com.br\/lojavirtual\/produto\/fotografias-de-miguel\/","title":{"rendered":"Fotografias de Miguel"},"content":{"rendered":"<p>Algu\u00e9m conhece uma m\u00e1quina fotogr\u00e1fica? Sabe para que serve? J\u00e1 teve uma? Miguel sabia o que era uma m\u00e1quina fotogr\u00e1fica, pois tinha uma que j\u00e1 estava bem velha&#8230;Sabia que um dia ela iria pifar, e ele precisava fazer alguma coisa para guardar suas mem\u00f3rias.<\/p>\n","protected":false},"excerpt":{"rendered":"<p>Algu\u00e9m conhece uma m\u00e1quina fotogr\u00e1fica? Sabe para que serve? J\u00e1 teve uma? Miguel sabia o que era uma m\u00e1quina fotogr\u00e1fica, pois tinha uma que j\u00e1 estava bem velha&#8230;Sabia que um dia ela iria pifar, e ele precisava fazer alguma coisa para guardar suas mem\u00f3rias.<\/p>\n","protected":false},"featured_media":1294,"comment_status":"closed","ping_status":"closed","template":"","meta":[],"product_brand":[],"product_cat":[28],"product_tag":[136],"class_list":{"0":"post-1293","1":"product","2":"type-product","3":"status-publish","4":"has-post-thumbnail","6":"product_cat-ciranda-cultural","7":"product_tag-ate-2o-ano","9":"first","10":"instock","11":"featured","12":"shipping-taxable","13":"purchasable","14":"product-type-simple"},"_links":{"self":[{"href":"https:\/\/acsi.com.br\/lojavirtual\/wp-json\/wp\/v2\/product\/1293","targetHints":{"allow":["GET"]}}],"collection":[{"href":"https:\/\/acsi.com.br\/lojavirtual\/wp-json\/wp\/v2\/product"}],"about":[{"href":"https:\/\/acsi.com.br\/lojavirtual\/wp-json\/wp\/v2\/types\/product"}],"replies":[{"embeddable":true,"href":"https:\/\/acsi.com.br\/lojavirtual\/wp-json\/wp\/v2\/comments?post=1293"}],"version-history":[{"count":2,"href":"https:\/\/acsi.com.br\/lojavirtual\/wp-json\/wp\/v2\/product\/1293\/revisions"}],"predecessor-version":[{"id":2123,"href":"https:\/\/acsi.com.br\/lojavirtual\/wp-json\/wp\/v2\/product\/1293\/revisions\/2123"}],"wp:featuredmedia":[{"embeddable":true,"href":"https:\/\/acsi.com.br\/lojavirtual\/wp-json\/wp\/v2\/media\/1294"}],"wp:attachment":[{"href":"https:\/\/acsi.com.br\/lojavirtual\/wp-json\/wp\/v2\/media?parent=1293"}],"wp:term":[{"taxonomy":"product_brand","embeddable":true,"href":"https:\/\/acsi.com.br\/lojavirtual\/wp-json\/wp\/v2\/product_brand?post=1293"},{"taxonomy":"product_cat","embeddable":true,"href":"https:\/\/acsi.com.br\/lojavirtual\/wp-json\/wp\/v2\/product_cat?post=1293"},{"taxonomy":"product_tag","embeddable":true,"href":"https:\/\/acsi.com.br\/lojavirtual\/wp-json\/wp\/v2\/product_tag?post=1293"}],"curies":[{"name":"wp","href":"https:\/\/api.w.org\/{rel}","templated":true}]}}