{"id":1287,"date":"2023-11-13T20:21:19","date_gmt":"2023-11-13T20:21:19","guid":{"rendered":"https:\/\/acsi.com.br\/lojavirtual\/?post_type=product&#038;p=1287"},"modified":"2026-04-16T20:58:38","modified_gmt":"2026-04-16T23:58:38","slug":"a-corrida-do-jardim","status":"publish","type":"product","link":"https:\/\/acsi.com.br\/lojavirtual\/produto\/a-corrida-do-jardim\/","title":{"rendered":"A Corrida do Jardim"},"content":{"rendered":"<p><span class=\"OYPEnA text-decoration-none text-strikethrough-none\">As aranhas do jardim eram muito sabidas, mas brigavam o tempo todo para saber qual delas era a melhor.<\/span> <span class=\"OYPEnA text-decoration-none text-strikethrough-none\">O jardim estava uma bagun\u00e7a, at\u00e9 que um dos seus moradores teve uma ideia: fazer uma grande corrida! Assim, todos saberiam quem era o melhor e n\u00e3o haveria mais briga. Quem ser\u00e1 que ganhou a corrida? E ser\u00e1 que o verdadeiro campe\u00e3o \u00e9 sempre aquele que chega em primeiro? Leia esta divertida hist\u00f3ria, e descubra que mais importante que ser MELHOR QUE o outro \u00e9 ser MELHOR PARA o outro!<\/span><\/p>\n","protected":false},"excerpt":{"rendered":"<p><span class=\"OYPEnA text-decoration-none text-strikethrough-none\">As aranhas do jardim eram muito sabidas, mas brigavam o tempo todo para saber qual delas era a melhor.<\/span> <span class=\"OYPEnA text-decoration-none text-strikethrough-none\">O jardim estava uma bagun\u00e7a, at\u00e9 que um dos seus moradores teve uma ideia: fazer uma grande corrida! Assim, todos saberiam quem era o melhor e n\u00e3o haveria mais briga. Quem ser\u00e1 que ganhou a corrida? E ser\u00e1 que o verdadeiro campe\u00e3o \u00e9 sempre aquele que chega em primeiro? Leia esta divertida hist\u00f3ria, e descubra que mais importante que ser MELHOR QUE o outro \u00e9 ser MELHOR PARA o outro!<\/span><\/p>\n","protected":false},"featured_media":1288,"comment_status":"closed","ping_status":"closed","template":"","meta":[],"product_brand":[],"product_cat":[25],"product_tag":[136],"class_list":{"0":"post-1287","1":"product","2":"type-product","3":"status-publish","4":"has-post-thumbnail","6":"product_cat-domik-educacional","7":"product_tag-ate-2o-ano","9":"first","10":"outofstock","11":"featured","12":"shipping-taxable","13":"purchasable","14":"product-type-simple"},"_links":{"self":[{"href":"https:\/\/acsi.com.br\/lojavirtual\/wp-json\/wp\/v2\/product\/1287","targetHints":{"allow":["GET"]}}],"collection":[{"href":"https:\/\/acsi.com.br\/lojavirtual\/wp-json\/wp\/v2\/product"}],"about":[{"href":"https:\/\/acsi.com.br\/lojavirtual\/wp-json\/wp\/v2\/types\/product"}],"replies":[{"embeddable":true,"href":"https:\/\/acsi.com.br\/lojavirtual\/wp-json\/wp\/v2\/comments?post=1287"}],"version-history":[{"count":1,"href":"https:\/\/acsi.com.br\/lojavirtual\/wp-json\/wp\/v2\/product\/1287\/revisions"}],"predecessor-version":[{"id":1289,"href":"https:\/\/acsi.com.br\/lojavirtual\/wp-json\/wp\/v2\/product\/1287\/revisions\/1289"}],"wp:featuredmedia":[{"embeddable":true,"href":"https:\/\/acsi.com.br\/lojavirtual\/wp-json\/wp\/v2\/media\/1288"}],"wp:attachment":[{"href":"https:\/\/acsi.com.br\/lojavirtual\/wp-json\/wp\/v2\/media?parent=1287"}],"wp:term":[{"taxonomy":"product_brand","embeddable":true,"href":"https:\/\/acsi.com.br\/lojavirtual\/wp-json\/wp\/v2\/product_brand?post=1287"},{"taxonomy":"product_cat","embeddable":true,"href":"https:\/\/acsi.com.br\/lojavirtual\/wp-json\/wp\/v2\/product_cat?post=1287"},{"taxonomy":"product_tag","embeddable":true,"href":"https:\/\/acsi.com.br\/lojavirtual\/wp-json\/wp\/v2\/product_tag?post=1287"}],"curies":[{"name":"wp","href":"https:\/\/api.w.org\/{rel}","templated":true}]}}