{"id":1278,"date":"2023-11-13T20:08:44","date_gmt":"2023-11-13T20:08:44","guid":{"rendered":"https:\/\/acsi.com.br\/lojavirtual\/?post_type=product&#038;p=1278"},"modified":"2026-04-16T20:58:38","modified_gmt":"2026-04-16T23:58:38","slug":"7-colors-of-the-promise","status":"publish","type":"product","link":"https:\/\/acsi.com.br\/lojavirtual\/produto\/7-colors-of-the-promise\/","title":{"rendered":"7 colors of the Promise"},"content":{"rendered":"<p><span class=\"OYPEnA text-decoration-none text-strikethrough-none\">Este livro \u00e9 a continua\u00e7\u00e3o de Aquarela da Cria\u00e7\u00e3o. Em 7 cores da Promessa, ap\u00f3s a queda do homem, as cores perdem o seu brilho e Deus coloca em a\u00e7\u00e3o um plano incr\u00edvel para repintar sua Cria\u00e7\u00e3o.<\/span><\/p>\n","protected":false},"excerpt":{"rendered":"<p><span class=\"OYPEnA text-decoration-none text-strikethrough-none\">Este livro \u00e9 a continua\u00e7\u00e3o de Aquarela da Cria\u00e7\u00e3o. Em 7 cores da Promessa, ap\u00f3s a queda do homem, as cores perdem o seu brilho e Deus coloca em a\u00e7\u00e3o um plano incr\u00edvel para repintar sua Cria\u00e7\u00e3o.<\/span><\/p>\n","protected":false},"featured_media":1279,"comment_status":"closed","ping_status":"closed","template":"","meta":[],"product_brand":[],"product_cat":[19],"product_tag":[],"class_list":{"0":"post-1278","1":"product","2":"type-product","3":"status-publish","4":"has-post-thumbnail","6":"product_cat-pack-educacional","8":"first","9":"instock","10":"shipping-taxable","11":"purchasable","12":"product-type-simple"},"_links":{"self":[{"href":"https:\/\/acsi.com.br\/lojavirtual\/wp-json\/wp\/v2\/product\/1278","targetHints":{"allow":["GET"]}}],"collection":[{"href":"https:\/\/acsi.com.br\/lojavirtual\/wp-json\/wp\/v2\/product"}],"about":[{"href":"https:\/\/acsi.com.br\/lojavirtual\/wp-json\/wp\/v2\/types\/product"}],"replies":[{"embeddable":true,"href":"https:\/\/acsi.com.br\/lojavirtual\/wp-json\/wp\/v2\/comments?post=1278"}],"version-history":[{"count":2,"href":"https:\/\/acsi.com.br\/lojavirtual\/wp-json\/wp\/v2\/product\/1278\/revisions"}],"predecessor-version":[{"id":3992,"href":"https:\/\/acsi.com.br\/lojavirtual\/wp-json\/wp\/v2\/product\/1278\/revisions\/3992"}],"wp:featuredmedia":[{"embeddable":true,"href":"https:\/\/acsi.com.br\/lojavirtual\/wp-json\/wp\/v2\/media\/1279"}],"wp:attachment":[{"href":"https:\/\/acsi.com.br\/lojavirtual\/wp-json\/wp\/v2\/media?parent=1278"}],"wp:term":[{"taxonomy":"product_brand","embeddable":true,"href":"https:\/\/acsi.com.br\/lojavirtual\/wp-json\/wp\/v2\/product_brand?post=1278"},{"taxonomy":"product_cat","embeddable":true,"href":"https:\/\/acsi.com.br\/lojavirtual\/wp-json\/wp\/v2\/product_cat?post=1278"},{"taxonomy":"product_tag","embeddable":true,"href":"https:\/\/acsi.com.br\/lojavirtual\/wp-json\/wp\/v2\/product_tag?post=1278"}],"curies":[{"name":"wp","href":"https:\/\/api.w.org\/{rel}","templated":true}]}}