{"id":1275,"date":"2023-11-10T20:45:23","date_gmt":"2023-11-10T20:45:23","guid":{"rendered":"https:\/\/acsi.com.br\/lojavirtual\/?post_type=product&#038;p=1275"},"modified":"2026-04-16T20:58:38","modified_gmt":"2026-04-16T23:58:38","slug":"o-zoo-da-zoe","status":"publish","type":"product","link":"https:\/\/acsi.com.br\/lojavirtual\/produto\/o-zoo-da-zoe\/","title":{"rendered":"O Zoo da Zoe"},"content":{"rendered":"<p>Embarque nesta hist\u00f3ria emocionante de Zoe, uma garota como qualquer outra, mas com um zool\u00f3gico muito peculiar e especial. Uma hist\u00f3ria encantadora de autoconhecimento e transforma\u00e7\u00e3o, o Zoo da Zoe revela, de forma divertida, o poder das emo\u00e7\u00f5es e a beleza de sermos n\u00f3s mesmos.<\/p>\n","protected":false},"excerpt":{"rendered":"<p>Embarque nesta hist\u00f3ria emocionante de Zoe, uma garota como qualquer outra, mas com um zool\u00f3gico muito peculiar e especial. Uma hist\u00f3ria encantadora de autoconhecimento e transforma\u00e7\u00e3o, o Zoo da Zoe revela, de forma divertida, o poder das emo\u00e7\u00f5es e a beleza de sermos n\u00f3s mesmos.<\/p>\n","protected":false},"featured_media":1276,"comment_status":"closed","ping_status":"closed","template":"","meta":[],"product_brand":[],"product_cat":[18],"product_tag":[137],"class_list":{"0":"post-1275","1":"product","2":"type-product","3":"status-publish","4":"has-post-thumbnail","6":"product_cat-debs-editora","7":"product_tag-ate-3o-ano","9":"first","10":"instock","11":"featured","12":"shipping-taxable","13":"purchasable","14":"product-type-simple"},"_links":{"self":[{"href":"https:\/\/acsi.com.br\/lojavirtual\/wp-json\/wp\/v2\/product\/1275","targetHints":{"allow":["GET"]}}],"collection":[{"href":"https:\/\/acsi.com.br\/lojavirtual\/wp-json\/wp\/v2\/product"}],"about":[{"href":"https:\/\/acsi.com.br\/lojavirtual\/wp-json\/wp\/v2\/types\/product"}],"replies":[{"embeddable":true,"href":"https:\/\/acsi.com.br\/lojavirtual\/wp-json\/wp\/v2\/comments?post=1275"}],"version-history":[{"count":2,"href":"https:\/\/acsi.com.br\/lojavirtual\/wp-json\/wp\/v2\/product\/1275\/revisions"}],"predecessor-version":[{"id":1322,"href":"https:\/\/acsi.com.br\/lojavirtual\/wp-json\/wp\/v2\/product\/1275\/revisions\/1322"}],"wp:featuredmedia":[{"embeddable":true,"href":"https:\/\/acsi.com.br\/lojavirtual\/wp-json\/wp\/v2\/media\/1276"}],"wp:attachment":[{"href":"https:\/\/acsi.com.br\/lojavirtual\/wp-json\/wp\/v2\/media?parent=1275"}],"wp:term":[{"taxonomy":"product_brand","embeddable":true,"href":"https:\/\/acsi.com.br\/lojavirtual\/wp-json\/wp\/v2\/product_brand?post=1275"},{"taxonomy":"product_cat","embeddable":true,"href":"https:\/\/acsi.com.br\/lojavirtual\/wp-json\/wp\/v2\/product_cat?post=1275"},{"taxonomy":"product_tag","embeddable":true,"href":"https:\/\/acsi.com.br\/lojavirtual\/wp-json\/wp\/v2\/product_tag?post=1275"}],"curies":[{"name":"wp","href":"https:\/\/api.w.org\/{rel}","templated":true}]}}