{"id":7,"date":"2023-06-19T18:01:21","date_gmt":"2023-06-19T18:01:21","guid":{"rendered":"https:\/\/acsi.com.br\/lojavirtual\/carrinho\/"},"modified":"2024-02-21T23:22:48","modified_gmt":"2024-02-21T23:22:48","slug":"carrinho","status":"publish","type":"page","link":"https:\/\/acsi.com.br\/lojavirtual\/carrinho\/","title":{"rendered":"Finalizar compra"},"content":{"rendered":"\t\t<div data-elementor-type=\"wp-page\" data-elementor-id=\"7\" class=\"elementor elementor-7\" data-elementor-post-type=\"page\">\n\t\t\t\t<div class=\"elementor-element elementor-element-1e5b7e6 e-flex e-con-boxed e-con e-parent\" data-id=\"1e5b7e6\" data-element_type=\"container\" data-e-type=\"container\">\n\t\t\t\t\t<div class=\"e-con-inner\">\n\t\t\t\t\t<\/div>\n\t\t\t\t<\/div>\n\t\t\t\t<\/div>\n\t\t","protected":false},"excerpt":{"rendered":"<p>Remover item Imagem de miniatura Produto Pre\u00e7o Quantidade Subtotal &times; A \u00e1rvore dentro da semente &#8211; {CB.Rio-Pretense} &#82;&#36;&nbsp;42,00 A \u00e1rvore dentro da semente &#8211; {CB.Rio-Pretense} quantidade &#82;&#36;&nbsp;42,00 &times; A Escolha do Ver\u00e3o &#82;&#36;&nbsp;75,90 A Escolha do Ver\u00e3o quantidade &#82;&#36;&nbsp;75,90 &times; De Quem \u00e9 a Coroa? &#82;&#36;&nbsp;66,90 De Quem \u00e9 a Coroa? quantidade &#82;&#36;&nbsp;66,90 Atualizar o [&hellip;]<\/p>\n","protected":false},"author":1,"featured_media":0,"parent":0,"menu_order":0,"comment_status":"closed","ping_status":"closed","template":"","meta":{"footnotes":""},"class_list":["post-7","page","type-page","status-publish","hentry"],"_links":{"self":[{"href":"https:\/\/acsi.com.br\/lojavirtual\/wp-json\/wp\/v2\/pages\/7","targetHints":{"allow":["GET"]}}],"collection":[{"href":"https:\/\/acsi.com.br\/lojavirtual\/wp-json\/wp\/v2\/pages"}],"about":[{"href":"https:\/\/acsi.com.br\/lojavirtual\/wp-json\/wp\/v2\/types\/page"}],"author":[{"embeddable":true,"href":"https:\/\/acsi.com.br\/lojavirtual\/wp-json\/wp\/v2\/users\/1"}],"replies":[{"embeddable":true,"href":"https:\/\/acsi.com.br\/lojavirtual\/wp-json\/wp\/v2\/comments?post=7"}],"version-history":[{"count":15,"href":"https:\/\/acsi.com.br\/lojavirtual\/wp-json\/wp\/v2\/pages\/7\/revisions"}],"predecessor-version":[{"id":2317,"href":"https:\/\/acsi.com.br\/lojavirtual\/wp-json\/wp\/v2\/pages\/7\/revisions\/2317"}],"wp:attachment":[{"href":"https:\/\/acsi.com.br\/lojavirtual\/wp-json\/wp\/v2\/media?parent=7"}],"curies":[{"name":"wp","href":"https:\/\/api.w.org\/{rel}","templated":true}]}}